{"id":10,"date":"2023-06-28T09:16:01","date_gmt":"2023-06-28T09:16:01","guid":{"rendered":"https:\/\/ecanews.org\/individual-members\/?page_id=10"},"modified":"2026-01-26T07:36:35","modified_gmt":"2026-01-26T07:36:35","slug":"im-officers","status":"publish","type":"page","link":"https:\/\/ecanews.org\/sig-15\/im-officers\/","title":{"rendered":"SIG-15 officers"},"content":{"rendered":"<h1>SIG15 Founding Members<\/h1>\n<ul>\n<li><a class=\"mailto-link\" href=\"mailto:gilberto.artioli@unipd.it\" data-wpel-link=\"ignore\">Gilberto Artioli<\/a>, Italy<\/li>\n<li><a class=\"mailto-link\" href=\"mailto:klaudia.hradil@tuwien.ac.at\" data-wpel-link=\"ignore\">Klaudia Hradil<\/a>, Austria<\/li>\n<li><a class=\"mailto-link\" href=\"mailto:jean-paul.itie@synchrotron-soleil.fr\" data-wpel-link=\"ignore\">Jean-Paul Iti\u00e9<\/a>, France<\/li>\n<li><a class=\"mailto-link\" href=\"mailto:lasocha@chemia.uj.edu.pl\" data-wpel-link=\"ignore\">Wies\u0142aw &amp; Alicja \u0141asocha<\/a>, Poland<\/li>\n<\/ul>\n","protected":false},"excerpt":{"rendered":"<p>SIG15 Founding Members Gilberto Artioli, Italy Klaudia Hradil, Austria Jean-Paul Iti\u00e9, France Wies\u0142aw &amp; Alicja \u0141asocha, Poland<\/p>\n","protected":false},"author":1607,"featured_media":0,"parent":0,"menu_order":0,"comment_status":"closed","ping_status":"closed","template":"","meta":{"footnotes":""},"class_list":["post-10","page","type-page","status-publish","czr-hentry"],"_links":{"self":[{"href":"https:\/\/ecanews.org\/sig-15\/wp-json\/wp\/v2\/pages\/10"}],"collection":[{"href":"https:\/\/ecanews.org\/sig-15\/wp-json\/wp\/v2\/pages"}],"about":[{"href":"https:\/\/ecanews.org\/sig-15\/wp-json\/wp\/v2\/types\/page"}],"author":[{"embeddable":true,"href":"https:\/\/ecanews.org\/sig-15\/wp-json\/wp\/v2\/users\/1607"}],"replies":[{"embeddable":true,"href":"https:\/\/ecanews.org\/sig-15\/wp-json\/wp\/v2\/comments?post=10"}],"version-history":[{"count":3,"href":"https:\/\/ecanews.org\/sig-15\/wp-json\/wp\/v2\/pages\/10\/revisions"}],"predecessor-version":[{"id":34,"href":"https:\/\/ecanews.org\/sig-15\/wp-json\/wp\/v2\/pages\/10\/revisions\/34"}],"wp:attachment":[{"href":"https:\/\/ecanews.org\/sig-15\/wp-json\/wp\/v2\/media?parent=10"}],"curies":[{"name":"wp","href":"https:\/\/api.w.org\/{rel}","templated":true}]}}