{"id":10,"date":"2023-06-28T09:16:01","date_gmt":"2023-06-28T09:16:01","guid":{"rendered":"https:\/\/ecanews.org\/individual-members\/?page_id=10"},"modified":"2024-07-15T10:16:41","modified_gmt":"2024-07-15T10:16:41","slug":"officers","status":"publish","type":"page","link":"https:\/\/ecanews.org\/sig-14\/officers\/","title":{"rendered":"SIG-14 officers"},"content":{"rendered":"<p><img loading=\"lazy\" decoding=\"async\" class=\"alignnone size-medium wp-image-47\" src=\"https:\/\/ecanews.org\/sig-14\/wp-content\/uploads\/sites\/13\/2024\/07\/SIG-D3-inauguration-picture-300x138.jpg\" alt=\"\" width=\"300\" height=\"138\" srcset=\"https:\/\/ecanews.org\/sig-14\/wp-content\/uploads\/sites\/13\/2024\/07\/SIG-D3-inauguration-picture-300x138.jpg 300w, https:\/\/ecanews.org\/sig-14\/wp-content\/uploads\/sites\/13\/2024\/07\/SIG-D3-inauguration-picture-1024x472.jpg 1024w, https:\/\/ecanews.org\/sig-14\/wp-content\/uploads\/sites\/13\/2024\/07\/SIG-D3-inauguration-picture-768x354.jpg 768w, https:\/\/ecanews.org\/sig-14\/wp-content\/uploads\/sites\/13\/2024\/07\/SIG-D3-inauguration-picture-1536x708.jpg 1536w, https:\/\/ecanews.org\/sig-14\/wp-content\/uploads\/sites\/13\/2024\/07\/SIG-D3-inauguration-picture-2048x944.jpg 2048w\" sizes=\"(max-width: 300px) 100vw, 300px\" \/><\/p>\n<p><span style=\"font-weight: 400\">Chair: <a href=\"https:\/\/www.geo.uni-bremen.de\/kristall\/Webseiten2022\/Ella.html\">Ella M. Schmidt<\/a> \u2013 University of Bremen\u00a0<\/span><\/p>\n<p><span style=\"font-weight: 400\">Vice Chair: <a href=\"https:\/\/pharmacy.ku.dk\/employees\/?pure=en\/persons\/10976\">Anders \u00d8. Madsen<\/a> \u2013 University of Copenhagen\u00a0<\/span><\/p>\n<p><span style=\"font-weight: 400\">Secretary:\u00a0 <a href=\"https:\/\/crystal.chem.uw.edu.pl\/people\/wozniaks-group\/staff\/hoser\/\">Anna Hoser<\/a> &#8211; University of Warsaw\u00a0<\/span><\/p>\n<p><span style=\"font-weight: 400\">Officers: <a href=\"https:\/\/chab.ethz.ch\/en\/the-department\/people\/a-z\/person-detail.MzQyNDg4.TGlzdC82MDEsLTIxMzAxOTI4MDM=.html\">Stefano Canossa<\/a>,<a href=\"https:\/\/www.esrf.fr\/UsersAndScience\/Experiments\/CRG\/BM01\/staff-of-snbl\/staff_chernyshov.htm\"> Dmitry Chernychov<\/a>, <a href=\"https:\/\/mat.ethz.ch\/department\/people\/person-detail.MTYyNDky.TGlzdC8yNTQzLC0xNjM2MjE2MDE=.html\">Arkadiy Simonov<\/a>, <a href=\"https:\/\/promotorzy.szkolydoktorskie.uw.edu.pl\/en\/promotor\/1553\">Wojciech S\u0142awi\u0144ski<\/a>, <a href=\"https:\/\/www.esrf.fr\/home\/Members\/bjorn-wehinger.html\">Bj\u00f6rn Wehinger<\/a><\/span><\/p>\n","protected":false},"excerpt":{"rendered":"<p>Chair: Ella M. Schmidt \u2013 University of Bremen\u00a0 Vice Chair: Anders \u00d8. Madsen \u2013 University of Copenhagen\u00a0 Secretary:\u00a0 Anna Hoser &#8211; University of Warsaw\u00a0 Officers: Stefano Canossa, Dmitry Chernychov, Arkadiy Simonov, Wojciech S\u0142awi\u0144ski, Bj\u00f6rn Wehinger<\/p>\n","protected":false},"author":1607,"featured_media":0,"parent":0,"menu_order":0,"comment_status":"closed","ping_status":"closed","template":"","meta":{"footnotes":""},"class_list":["post-10","page","type-page","status-publish","hentry"],"_links":{"self":[{"href":"https:\/\/ecanews.org\/sig-14\/wp-json\/wp\/v2\/pages\/10"}],"collection":[{"href":"https:\/\/ecanews.org\/sig-14\/wp-json\/wp\/v2\/pages"}],"about":[{"href":"https:\/\/ecanews.org\/sig-14\/wp-json\/wp\/v2\/types\/page"}],"author":[{"embeddable":true,"href":"https:\/\/ecanews.org\/sig-14\/wp-json\/wp\/v2\/users\/1607"}],"replies":[{"embeddable":true,"href":"https:\/\/ecanews.org\/sig-14\/wp-json\/wp\/v2\/comments?post=10"}],"version-history":[{"count":9,"href":"https:\/\/ecanews.org\/sig-14\/wp-json\/wp\/v2\/pages\/10\/revisions"}],"predecessor-version":[{"id":49,"href":"https:\/\/ecanews.org\/sig-14\/wp-json\/wp\/v2\/pages\/10\/revisions\/49"}],"wp:attachment":[{"href":"https:\/\/ecanews.org\/sig-14\/wp-json\/wp\/v2\/media?parent=10"}],"curies":[{"name":"wp","href":"https:\/\/api.w.org\/{rel}","templated":true}]}}