{"id":77,"date":"2024-07-19T17:23:40","date_gmt":"2024-07-19T17:23:40","guid":{"rendered":"https:\/\/ecanews.org\/sig-13\/?page_id=77"},"modified":"2024-07-19T17:24:32","modified_gmt":"2024-07-19T17:24:32","slug":"the-alajos-kalman-prize","status":"publish","type":"page","link":"https:\/\/ecanews.org\/sig-13\/the-alajos-kalman-prize\/","title":{"rendered":"The Alajos K\u00e1lm\u00e1n Prize"},"content":{"rendered":"<p>Alajos K\u00e1lm\u00e1n Prize<\/p>\n<p><img loading=\"lazy\" decoding=\"async\" class=\"size-medium wp-image-79 alignright\" src=\"https:\/\/ecanews.org\/sig-13\/wp-content\/uploads\/sites\/3\/2024\/07\/Kalman5-295x300.jpg\" alt=\"\" width=\"295\" height=\"300\" srcset=\"https:\/\/ecanews.org\/sig-13\/wp-content\/uploads\/sites\/3\/2024\/07\/Kalman5-295x300.jpg 295w, https:\/\/ecanews.org\/sig-13\/wp-content\/uploads\/sites\/3\/2024\/07\/Kalman5.jpg 650w\" sizes=\"(max-width: 295px) 100vw, 295px\" \/><\/p>\n<p><img loading=\"lazy\" decoding=\"async\" class=\"size-medium wp-image-80 alignleft\" src=\"https:\/\/ecanews.org\/sig-13\/wp-content\/uploads\/sites\/3\/2024\/07\/Kalman1.jpg\" alt=\"\" width=\"111\" height=\"147\" \/><\/p>\n<p>The International K\u00e1lm\u00e1n Prize preserves the memory of the late Alajos K\u00e1lm\u00e1n (1935-2017), an eminent scientist in the field of chemical crystallography.<\/p>\n<p>The Prize is awarded to an individual researcher in recognition for outstanding scientific contributions in the field of structural sciences within the last 5-10 years. The chair of the ECA SIG13 is the chairperson of the Alajos K\u00e1lm\u00e1n Prize Committee. The selection of the awardee is conducted by ECA SIG13, but this does not mean that the\u00a0 nominee or awardee must have a strong affiliation with SIG13. The research activities of the nominees and awardee can be in all structural sciences related to crystallography.<\/p>\n<p>The nominee must have a clear affiliation with the ECA, directly associated with crystallography and be a listed member of the World Directory of Crystallography.\u00a0 Nominators may be ECA Individual Members, or any person from a national member of ECA, or any Corporate Affiliated Member.<\/p>\n<p>More details in the ECA website:<\/p>\n<p><a href=\"https:\/\/ecanews.org\/alajos-kalman-prize\/\">Alajos K\u00e1lm\u00e1n Prize &#8211; European Crystallographic Association (ecanews.org)<\/a><\/p>\n<p>Awardees:<\/p>\n<p>2019: Prof Luigi Nassimbeni, University of Cape Town<\/p>\n<p><img loading=\"lazy\" decoding=\"async\" class=\"size-medium wp-image-81 alignleft\" src=\"https:\/\/ecanews.org\/sig-13\/wp-content\/uploads\/sites\/3\/2024\/07\/Kalman2-280x300.jpg\" alt=\"\" width=\"280\" height=\"300\" srcset=\"https:\/\/ecanews.org\/sig-13\/wp-content\/uploads\/sites\/3\/2024\/07\/Kalman2-280x300.jpg 280w, https:\/\/ecanews.org\/sig-13\/wp-content\/uploads\/sites\/3\/2024\/07\/Kalman2.jpg 519w\" sizes=\"(max-width: 280px) 100vw, 280px\" \/><\/p>\n<p>For Prof Luigi Nassimbeni\u2019s <em>outstanding activity in supramolecular chemistry, revealing aspects of thermodynamics, kinetics and separation of inclusion compounds, and discovering the relevance of certain weak bonds in significant industrial processes.<\/em><\/p>\n<p>&nbsp;<\/p>\n<p>&nbsp;<\/p>\n<p>&nbsp;<\/p>\n<p>&nbsp;<\/p>\n<p>&nbsp;<\/p>\n<p>&nbsp;<\/p>\n<p>&nbsp;<\/p>\n<p>2022: Prof Eric Collet, University of Rennes<\/p>\n<p><img loading=\"lazy\" decoding=\"async\" class=\"size-medium wp-image-82 alignleft\" src=\"https:\/\/ecanews.org\/sig-13\/wp-content\/uploads\/sites\/3\/2024\/07\/Kalman3.png\" alt=\"\" width=\"278\" height=\"259\" \/><\/p>\n<p>Prof Eric Collet performs his inspirational interdisciplinary research at the interface of material science, chemistry and physics with crystallography at the very heart of his work. Prof Collet is one of the pioneers who paved the way for the subsequent studies in the greatly innovative field of X-ray free electron lasers science. He with his collaborators made high impact studies of ultra-fast femto second experiments, ultra-fast photo excitations like photo induced structural dynamics, phase transitions and molecular switching. His outstanding achievement is based on the structural study of molecular complexes and new transition mechanisms, especially from the molecular to the crystal scale.<\/p>\n<p>&nbsp;<\/p>\n<p>&nbsp;<\/p>\n<p>&nbsp;<\/p>\n<p>&nbsp;<\/p>\n<p>2024: Prof Piero Macchi, Politecnico di Milano<\/p>\n<p><img loading=\"lazy\" decoding=\"async\" class=\"size-medium wp-image-78 alignleft\" src=\"https:\/\/ecanews.org\/sig-13\/wp-content\/uploads\/sites\/3\/2024\/07\/Kalman4-285x300.jpg\" alt=\"\" width=\"285\" height=\"300\" srcset=\"https:\/\/ecanews.org\/sig-13\/wp-content\/uploads\/sites\/3\/2024\/07\/Kalman4-285x300.jpg 285w, https:\/\/ecanews.org\/sig-13\/wp-content\/uploads\/sites\/3\/2024\/07\/Kalman4.jpg 363w\" sizes=\"(max-width: 285px) 100vw, 285px\" \/><\/p>\n<p>&nbsp;<\/p>\n<p>Professor Piero Macchi has made fundamental and ground-breaking contributions to both Quantum Crystallography and Extreme Conditions Crystallography. His research includes the development of computational tools available to all charge density scientists. He has advanced the technique and boundaries of what one can do in experimental charge density measurements. His work leads to new\u00a0experimental capabilities at the upgraded Swiss Light Source. He has an impressive record of high-impact publications, he made substantial contributions to the crystallographic community, and he has supervised numerous young researchers.<\/p>\n<p>&nbsp;<\/p>\n<p>&nbsp;<\/p>\n<p>&nbsp;<\/p>\n<p>&nbsp;<\/p>\n<p>&nbsp;<\/p>\n","protected":false},"excerpt":{"rendered":"<p>Alajos K\u00e1lm\u00e1n Prize The International K\u00e1lm\u00e1n Prize preserves the memory of the late Alajos K\u00e1lm\u00e1n (1935-2017), an eminent scientist in the field of chemical crystallography. The Prize is awarded to an individual researcher in recognition for outstanding scientific contributions in the field of structural sciences within the last 5-10 years. The chair of the ECA [&hellip;]<\/p>\n","protected":false},"author":50,"featured_media":0,"parent":0,"menu_order":0,"comment_status":"closed","ping_status":"closed","template":"","meta":{"footnotes":""},"class_list":["post-77","page","type-page","status-publish","czr-hentry"],"_links":{"self":[{"href":"https:\/\/ecanews.org\/sig-13\/wp-json\/wp\/v2\/pages\/77"}],"collection":[{"href":"https:\/\/ecanews.org\/sig-13\/wp-json\/wp\/v2\/pages"}],"about":[{"href":"https:\/\/ecanews.org\/sig-13\/wp-json\/wp\/v2\/types\/page"}],"author":[{"embeddable":true,"href":"https:\/\/ecanews.org\/sig-13\/wp-json\/wp\/v2\/users\/50"}],"replies":[{"embeddable":true,"href":"https:\/\/ecanews.org\/sig-13\/wp-json\/wp\/v2\/comments?post=77"}],"version-history":[{"count":2,"href":"https:\/\/ecanews.org\/sig-13\/wp-json\/wp\/v2\/pages\/77\/revisions"}],"predecessor-version":[{"id":84,"href":"https:\/\/ecanews.org\/sig-13\/wp-json\/wp\/v2\/pages\/77\/revisions\/84"}],"wp:attachment":[{"href":"https:\/\/ecanews.org\/sig-13\/wp-json\/wp\/v2\/media?parent=77"}],"curies":[{"name":"wp","href":"https:\/\/api.w.org\/{rel}","templated":true}]}}