{"id":12,"date":"2023-06-28T09:16:21","date_gmt":"2023-06-28T09:16:21","guid":{"rendered":"https:\/\/ecanews.org\/individual-members\/?page_id=12"},"modified":"2026-01-25T18:29:03","modified_gmt":"2026-01-25T18:29:03","slug":"scope-and-objectives","status":"publish","type":"page","link":"https:\/\/ecanews.org\/sig-04\/","title":{"rendered":"Scope and objectives"},"content":{"rendered":"<h1>Scope and Objectives<\/h1>\n<p>The aim of SIG-04 is to raise the awareness, acceptance and general standard of Electron Crystallography through concerted effort of groups and workers in this field.<\/p>\n<h1>SIG-04 Officers<\/h1>\n<p><a href=\"mailto:tatiana.gorelik@helmholtz-hzi.de\"><strong>Tatiana Gorelik<\/strong><\/a> (Chair)<br \/>\nHelmholtz-Zentrum f\u00fcr Infektionsforschung GmbH | Inhoffenstra\u00dfe 7 | 38124 Braunschweig, Germany<\/p>\n<p><a href=\"mailto:stephanie.kodjikian@neel.cnrs.fr\"><strong>St\u00e9phanie Kodjikian<\/strong><\/a> (Co-chair)<br \/>\nUniversit\u00e9 Grenoble Alpes &amp; CNRS, Institut N\u00e9el, 25 avenue des Martyrs,<br \/>\nBP 166, 38042 Grenoble cedex 9, France<\/p>\n<p><a href=\"mailto:sergi.plana@urv.cat\"><strong>Sergi Plana Ruiz<\/strong><\/a> (Secretary)<br \/>\n<span class=\"org\">Universitat Rovira i Virgili<\/span> | URV \u00b7 Serveis de Recursos Cient\u00edfics i T\u00e8cnics,<br \/>\n43007 Tarragona, Spain<\/p>\n<h1>SIG-04 Mailing List<\/h1>\n<p>Scientists which want to participate to the SIG-04 discussions should<strong> join the group\u2019s mailing list<\/strong>. To <strong>subscribe<\/strong>, go to: <a class=\"moz-txt-link-freetext\" href=\"http:\/\/mailman.iucr.org\/cgi-bin\/mailman\/listinfo\/ecaelectronsig\" target=\"_blank\" rel=\"noopener\">http:\/\/mailman.iucr.org\/cgi-bin\/mailman\/listinfo\/ecaelectronsig<\/a><\/p>\n<p>Mailing list administrator: Andrew (Andy) Stewart, <a href=\"mailto:andy.stewart@ucl.ac.uk\">andy.stewart@ucl.ac.uk<\/a><br \/>\nDepartment of Physics &amp; Bernal Institute, University of Limerick, Ireland<\/p>\n<h1>SIG-04 Website<\/h1>\n<p><a class=\"moz-txt-link-freetext\" href=\"https:\/\/ecaelectronsig.wordpress.com\/\" target=\"_blank\" rel=\"noopener\">https:\/\/ecaelectronsig.wordpress.com\/<\/a><br \/>\nWebmaster: Tim Gr\u00fcne, <a href=\"mailto:tim.gruene@univie.ac.at\">tim.gruene@univie.ac.at<\/a><br \/>\n<span class=\"org\">Core Facility Crystal Analysis<\/span>, Faculty of Chemistry, University of Vienna, Austria<\/p>\n<h1>Documents<\/h1>\n<ul>\n<li><a href=\"http:\/\/ecanews.org\/sig-04-inauguration-document\/\">Inauguration Document<\/a><\/li>\n<li><a href=\"http:\/\/ecanews.org\/sig-04-activity-reports-2000-2008\/\">Activity Reports 2000-2008<\/a><\/li>\n<li><a href=\"http:\/\/ecanews.org\/wp-content\/uploads\/2015\/08\/SIG4-AR-2008_09.pdf\">2008-2009 Annual Report<\/a><\/li>\n<li><a href=\"http:\/\/ecanews.org\/wp-content\/uploads\/2015\/08\/SIG4-AR-2009_10.pdf\">2009-2010 Annual Report<\/a><\/li>\n<li><a href=\"http:\/\/ecanews.org\/wp-content\/uploads\/2015\/08\/SIG4-AR-2010_11.pdf\">2010-2011 Annual Report<\/a><\/li>\n<li><a href=\"http:\/\/ecanews.org\/wp-content\/uploads\/2015\/08\/SIG_04_2012.pdf\">2011-2012 Annual Report<\/a><\/li>\n<li><a href=\"http:\/\/ecanews.org\/wp-content\/uploads\/2015\/08\/SIG_04_2013.pdf\">2012-2013 Annual Report<\/a><\/li>\n<li><a href=\"http:\/\/ecanews.org\/wp-content\/uploads\/2015\/08\/SIG4_2014.pdf\">2013-2014 Annual Report<\/a><\/li>\n<li><a href=\"http:\/\/ecanews.org\/wp-content\/uploads\/2015\/08\/SIG_04_2015_UH.pdf\">2014-2015 Annual Report<\/a><\/li>\n<li><a href=\"http:\/\/ecanews.org\/wp-content\/uploads\/2016\/08\/SIG-4_Annual-report_2016.pdf\">2015-2016 Annual Report<\/a><\/li>\n<li><a href=\"http:\/\/ecanews.org\/wp-content\/uploads\/2018\/02\/SIG4_annual_report_2016-2017.pdf\">2016-2017 Annual Report<\/a><\/li>\n<li><a href=\"http:\/\/ecanews.org\/wp-content\/uploads\/2018\/08\/SIG4_annual_report_2017-2018.pdf\">2017-2018 Annual Report<\/a><\/li>\n<li><a href=\"http:\/\/ecanews.org\/wp-content\/uploads\/2019\/08\/Report-SIG4_2019.pdf\">2018-2019 Annual Report<\/a><\/li>\n<li><a href=\"http:\/\/ecanews.org\/wp-content\/uploads\/2020\/09\/SIG-04_Activity_Report_2019-2020.pdf\">2019-2020 Annual Report<\/a><\/li>\n<li><a href=\"http:\/\/ecanews.org\/wp-content\/uploads\/2021\/09\/SIG-04_Activity_Report_2020-2021.pdf\">2020-2021 Annual Report<\/a><\/li>\n<li><a href=\"http:\/\/ecanews.org\/wp-content\/uploads\/2022\/09\/SIG-04_Activity_Report_2021-2022.pdf\">2021-2022 Annual Report<\/a><\/li>\n<li><a href=\"http:\/\/ecanews.org\/wp-content\/uploads\/2023\/09\/SIG-04_Activity_Report_2022-2023.pdf\">2022-2023 Annual Report<\/a><\/li>\n<li><a href=\"http:\/\/ecanews.org\/wp-content\/uploads\/2024\/09\/SIG-04_Activity_Report_2023-2024.pdf\">2023-2024 Annual Report<\/a><\/li>\n<\/ul>\n","protected":false},"excerpt":{"rendered":"<p>Scope and Objectives The aim of SIG-04 is to raise the awareness, acceptance and general standard of Electron Crystallography through concerted effort of groups and workers in this field. SIG-04 Officers Tatiana Gorelik (Chair) Helmholtz-Zentrum f\u00fcr Infektionsforschung GmbH | Inhoffenstra\u00dfe 7 | 38124 Braunschweig, Germany St\u00e9phanie Kodjikian (Co-chair) Universit\u00e9 Grenoble Alpes &amp; CNRS, Institut N\u00e9el, [&hellip;]<\/p>\n","protected":false},"author":1607,"featured_media":0,"parent":0,"menu_order":0,"comment_status":"closed","ping_status":"closed","template":"","meta":{"footnotes":""},"class_list":["post-12","page","type-page","status-publish","czr-hentry"],"_links":{"self":[{"href":"https:\/\/ecanews.org\/sig-04\/wp-json\/wp\/v2\/pages\/12"}],"collection":[{"href":"https:\/\/ecanews.org\/sig-04\/wp-json\/wp\/v2\/pages"}],"about":[{"href":"https:\/\/ecanews.org\/sig-04\/wp-json\/wp\/v2\/types\/page"}],"author":[{"embeddable":true,"href":"https:\/\/ecanews.org\/sig-04\/wp-json\/wp\/v2\/users\/1607"}],"replies":[{"embeddable":true,"href":"https:\/\/ecanews.org\/sig-04\/wp-json\/wp\/v2\/comments?post=12"}],"version-history":[{"count":6,"href":"https:\/\/ecanews.org\/sig-04\/wp-json\/wp\/v2\/pages\/12\/revisions"}],"predecessor-version":[{"id":41,"href":"https:\/\/ecanews.org\/sig-04\/wp-json\/wp\/v2\/pages\/12\/revisions\/41"}],"wp:attachment":[{"href":"https:\/\/ecanews.org\/sig-04\/wp-json\/wp\/v2\/media?parent=12"}],"curies":[{"name":"wp","href":"https:\/\/api.w.org\/{rel}","templated":true}]}}