{"id":10,"date":"2023-06-28T09:16:01","date_gmt":"2023-06-28T09:16:01","guid":{"rendered":"https:\/\/ecanews.org\/individual-members\/?page_id=10"},"modified":"2026-01-25T18:29:39","modified_gmt":"2026-01-25T18:29:39","slug":"officers","status":"publish","type":"page","link":"https:\/\/ecanews.org\/sig-04\/officers\/","title":{"rendered":"SIG-04 officers"},"content":{"rendered":"<p><a href=\"mailto:tatiana.gorelik@helmholtz-hzi.de\"><strong>Tatiana Gorelik<\/strong><\/a> (Chair)<br \/>\nHelmholtz-Zentrum f\u00fcr Infektionsforschung GmbH | Inhoffenstra\u00dfe 7 | 38124 Braunschweig, Germany<\/p>\n<p><a href=\"mailto:stephanie.kodjikian@neel.cnrs.fr\"><strong>St\u00e9phanie Kodjikian<\/strong><\/a> (Co-chair)<br \/>\nUniversit\u00e9 Grenoble Alpes &amp; CNRS, Institut N\u00e9el, 25 avenue des Martyrs,<br \/>\nBP 166, 38042 Grenoble cedex 9, France<\/p>\n<p><a href=\"mailto:sergi.plana@urv.cat\"><strong>Sergi Plana Ruiz<\/strong><\/a> (Secretary)<br \/>\n<span class=\"org\">Universitat Rovira i Virgili<\/span> | URV \u00b7 Serveis de Recursos Cient\u00edfics i T\u00e8cnics,<br \/>\n43007 Tarragona, Spain<\/p>\n","protected":false},"excerpt":{"rendered":"<p>Tatiana Gorelik (Chair) Helmholtz-Zentrum f\u00fcr Infektionsforschung GmbH | Inhoffenstra\u00dfe 7 | 38124 Braunschweig, Germany St\u00e9phanie Kodjikian (Co-chair) Universit\u00e9 Grenoble Alpes &amp; CNRS, Institut N\u00e9el, 25 avenue des Martyrs, BP 166, 38042 Grenoble cedex 9, France Sergi Plana Ruiz (Secretary) Universitat Rovira i Virgili | URV \u00b7 Serveis de Recursos Cient\u00edfics i T\u00e8cnics, 43007 Tarragona, Spain<\/p>\n","protected":false},"author":1607,"featured_media":0,"parent":0,"menu_order":0,"comment_status":"closed","ping_status":"closed","template":"","meta":{"footnotes":""},"class_list":["post-10","page","type-page","status-publish","czr-hentry"],"_links":{"self":[{"href":"https:\/\/ecanews.org\/sig-04\/wp-json\/wp\/v2\/pages\/10"}],"collection":[{"href":"https:\/\/ecanews.org\/sig-04\/wp-json\/wp\/v2\/pages"}],"about":[{"href":"https:\/\/ecanews.org\/sig-04\/wp-json\/wp\/v2\/types\/page"}],"author":[{"embeddable":true,"href":"https:\/\/ecanews.org\/sig-04\/wp-json\/wp\/v2\/users\/1607"}],"replies":[{"embeddable":true,"href":"https:\/\/ecanews.org\/sig-04\/wp-json\/wp\/v2\/comments?post=10"}],"version-history":[{"count":4,"href":"https:\/\/ecanews.org\/sig-04\/wp-json\/wp\/v2\/pages\/10\/revisions"}],"predecessor-version":[{"id":42,"href":"https:\/\/ecanews.org\/sig-04\/wp-json\/wp\/v2\/pages\/10\/revisions\/42"}],"wp:attachment":[{"href":"https:\/\/ecanews.org\/sig-04\/wp-json\/wp\/v2\/media?parent=10"}],"curies":[{"name":"wp","href":"https:\/\/api.w.org\/{rel}","templated":true}]}}